{"id":24,"date":"2024-01-22T17:14:20","date_gmt":"2024-01-22T17:14:20","guid":{"rendered":"https:\/\/socialdigitalinsight.com\/?page_id=24"},"modified":"2024-06-12T18:21:44","modified_gmt":"2024-06-12T18:21:44","slug":"nosotros","status":"publish","type":"page","link":"https:\/\/socialdigitalinsight.com\/?page_id=24","title":{"rendered":"Nosotros"},"content":{"rendered":"\t\t<div data-elementor-type=\"wp-page\" data-elementor-id=\"24\" class=\"elementor elementor-24\">\n\t\t\t\t<div class=\"elementor-element elementor-element-c3d9622 e-flex e-con-boxed e-con e-parent\" data-id=\"c3d9622\" data-element_type=\"container\">\n\t\t\t\t\t<div class=\"e-con-inner\">\n\t\t\t\t<div class=\"elementor-element elementor-element-e35edaf elementor-widget elementor-widget-heading\" data-id=\"e35edaf\" data-element_type=\"widget\" data-widget_type=\"heading.default\">\n\t\t\t\t<div class=\"elementor-widget-container\">\n\t\t\t<style>\/*! elementor - v3.22.0 - 26-06-2024 *\/\n.elementor-heading-title{padding:0;margin:0;line-height:1}.elementor-widget-heading .elementor-heading-title[class*=elementor-size-]>a{color:inherit;font-size:inherit;line-height:inherit}.elementor-widget-heading .elementor-heading-title.elementor-size-small{font-size:15px}.elementor-widget-heading .elementor-heading-title.elementor-size-medium{font-size:19px}.elementor-widget-heading .elementor-heading-title.elementor-size-large{font-size:29px}.elementor-widget-heading .elementor-heading-title.elementor-size-xl{font-size:39px}.elementor-widget-heading .elementor-heading-title.elementor-size-xxl{font-size:59px}<\/style><h2 class=\"elementor-heading-title elementor-size-default\">\u00bfQui\u00e9nes somos?<\/h2>\t\t<\/div>\n\t\t\t\t<\/div>\n\t\t\t\t\t<\/div>\n\t\t\t\t<\/div>\n\t\t<div class=\"elementor-element elementor-element-2f5169c e-flex e-con-boxed e-con e-parent\" data-id=\"2f5169c\" data-element_type=\"container\">\n\t\t\t\t\t<div class=\"e-con-inner\">\n\t\t\t\t<div class=\"elementor-element elementor-element-925748f elementor-arrows-position-outside elementor-pagination-position-outside elementor-widget elementor-widget-image-carousel\" data-id=\"925748f\" data-element_type=\"widget\" data-settings=\"{&quot;autoplay_speed&quot;:2000,&quot;speed&quot;:300,&quot;navigation&quot;:&quot;both&quot;,&quot;autoplay&quot;:&quot;yes&quot;,&quot;pause_on_hover&quot;:&quot;yes&quot;,&quot;pause_on_interaction&quot;:&quot;yes&quot;,&quot;infinite&quot;:&quot;yes&quot;,&quot;image_spacing_custom&quot;:{&quot;unit&quot;:&quot;px&quot;,&quot;size&quot;:20,&quot;sizes&quot;:[]},&quot;image_spacing_custom_tablet&quot;:{&quot;unit&quot;:&quot;px&quot;,&quot;size&quot;:&quot;&quot;,&quot;sizes&quot;:[]},&quot;image_spacing_custom_mobile&quot;:{&quot;unit&quot;:&quot;px&quot;,&quot;size&quot;:&quot;&quot;,&quot;sizes&quot;:[]}}\" data-widget_type=\"image-carousel.default\">\n\t\t\t\t<div class=\"elementor-widget-container\">\n\t\t\t<style>\/*! elementor - v3.22.0 - 26-06-2024 *\/\n.elementor-widget-image-carousel .swiper,.elementor-widget-image-carousel .swiper-container{position:static}.elementor-widget-image-carousel .swiper-container .swiper-slide figure,.elementor-widget-image-carousel .swiper .swiper-slide figure{line-height:inherit}.elementor-widget-image-carousel .swiper-slide{text-align:center}.elementor-image-carousel-wrapper:not(.swiper-container-initialized):not(.swiper-initialized) .swiper-slide{max-width:calc(100% \/ var(--e-image-carousel-slides-to-show, 3))}<\/style>\t\t<div class=\"elementor-image-carousel-wrapper swiper\" dir=\"ltr\">\n\t\t\t<div class=\"elementor-image-carousel swiper-wrapper\" aria-live=\"off\">\n\t\t\t\t\t\t\t\t<div class=\"swiper-slide\" role=\"group\" aria-roledescription=\"slide\" aria-label=\"1 de 14\"><figure class=\"swiper-slide-inner\"><img decoding=\"async\" class=\"swiper-slide-image\" src=\"https:\/\/socialdigitalinsight.com\/wp-content\/uploads\/2024\/01\/Cortinilla1-768x510.jpg\" alt=\"Cortinilla1\" \/><\/figure><\/div><div class=\"swiper-slide\" role=\"group\" aria-roledescription=\"slide\" aria-label=\"2 de 14\"><figure class=\"swiper-slide-inner\"><img decoding=\"async\" class=\"swiper-slide-image\" src=\"https:\/\/socialdigitalinsight.com\/wp-content\/uploads\/2024\/01\/Cortinilla2-768x512.jpg\" alt=\"Cortinilla2\" \/><\/figure><\/div><div class=\"swiper-slide\" role=\"group\" aria-roledescription=\"slide\" aria-label=\"3 de 14\"><figure class=\"swiper-slide-inner\"><img decoding=\"async\" class=\"swiper-slide-image\" src=\"https:\/\/socialdigitalinsight.com\/wp-content\/uploads\/2024\/01\/Cortinilla3-768x512.jpg\" alt=\"Cortinilla3\" \/><\/figure><\/div><div class=\"swiper-slide\" role=\"group\" aria-roledescription=\"slide\" aria-label=\"4 de 14\"><figure class=\"swiper-slide-inner\"><img decoding=\"async\" class=\"swiper-slide-image\" src=\"https:\/\/socialdigitalinsight.com\/wp-content\/uploads\/2024\/01\/Cortinilla4-768x576.jpg\" alt=\"Cortinilla4\" \/><\/figure><\/div><div class=\"swiper-slide\" role=\"group\" aria-roledescription=\"slide\" aria-label=\"5 de 14\"><figure class=\"swiper-slide-inner\"><img decoding=\"async\" class=\"swiper-slide-image\" src=\"https:\/\/socialdigitalinsight.com\/wp-content\/uploads\/2024\/01\/Cortinilla6-768x576.jpg\" alt=\"Cortinilla6\" \/><\/figure><\/div><div class=\"swiper-slide\" role=\"group\" aria-roledescription=\"slide\" aria-label=\"6 de 14\"><figure class=\"swiper-slide-inner\"><img decoding=\"async\" class=\"swiper-slide-image\" src=\"https:\/\/socialdigitalinsight.com\/wp-content\/uploads\/2024\/01\/Cortinilla8-768x576.jpg\" alt=\"Cortinilla8\" \/><\/figure><\/div><div class=\"swiper-slide\" role=\"group\" aria-roledescription=\"slide\" aria-label=\"7 de 14\"><figure class=\"swiper-slide-inner\"><img decoding=\"async\" class=\"swiper-slide-image\" src=\"https:\/\/socialdigitalinsight.com\/wp-content\/uploads\/2024\/01\/Cortinilla9-768x576.jpg\" alt=\"Cortinilla9\" \/><\/figure><\/div><div class=\"swiper-slide\" role=\"group\" aria-roledescription=\"slide\" aria-label=\"8 de 14\"><figure class=\"swiper-slide-inner\"><img decoding=\"async\" class=\"swiper-slide-image\" src=\"https:\/\/socialdigitalinsight.com\/wp-content\/uploads\/2024\/01\/Cortinilla10-768x576.jpg\" alt=\"Cortinilla10\" \/><\/figure><\/div><div class=\"swiper-slide\" role=\"group\" aria-roledescription=\"slide\" aria-label=\"9 de 14\"><figure class=\"swiper-slide-inner\"><img decoding=\"async\" class=\"swiper-slide-image\" src=\"https:\/\/socialdigitalinsight.com\/wp-content\/uploads\/2024\/01\/Cortinilla14-768x576.jpg\" alt=\"Cortinilla14\" \/><\/figure><\/div><div class=\"swiper-slide\" role=\"group\" aria-roledescription=\"slide\" aria-label=\"10 de 14\"><figure class=\"swiper-slide-inner\"><img decoding=\"async\" class=\"swiper-slide-image\" src=\"https:\/\/socialdigitalinsight.com\/wp-content\/uploads\/2024\/01\/Cortinilla15-768x576.jpg\" alt=\"Cortinilla15\" \/><\/figure><\/div><div class=\"swiper-slide\" role=\"group\" aria-roledescription=\"slide\" aria-label=\"11 de 14\"><figure class=\"swiper-slide-inner\"><img decoding=\"async\" class=\"swiper-slide-image\" src=\"https:\/\/socialdigitalinsight.com\/wp-content\/uploads\/2024\/01\/Cortinilla17-768x576.jpg\" alt=\"Cortinilla17\" \/><\/figure><\/div><div class=\"swiper-slide\" role=\"group\" aria-roledescription=\"slide\" aria-label=\"12 de 14\"><figure class=\"swiper-slide-inner\"><img decoding=\"async\" class=\"swiper-slide-image\" src=\"https:\/\/socialdigitalinsight.com\/wp-content\/uploads\/2024\/01\/Cortinilla18-768x576.jpg\" alt=\"Cortinilla18\" \/><\/figure><\/div><div class=\"swiper-slide\" role=\"group\" aria-roledescription=\"slide\" aria-label=\"13 de 14\"><figure class=\"swiper-slide-inner\"><img decoding=\"async\" class=\"swiper-slide-image\" src=\"https:\/\/socialdigitalinsight.com\/wp-content\/uploads\/2024\/01\/Cortinilla20-768x576.jpeg\" alt=\"Cortinilla20\" \/><\/figure><\/div><div class=\"swiper-slide\" role=\"group\" aria-roledescription=\"slide\" aria-label=\"14 de 14\"><figure class=\"swiper-slide-inner\"><img decoding=\"async\" class=\"swiper-slide-image\" src=\"https:\/\/socialdigitalinsight.com\/wp-content\/uploads\/2024\/01\/Hector1-768x512.jpg\" alt=\"Hector1\" \/><\/figure><\/div>\t\t\t<\/div>\n\t\t\t\t\t\t\t\t\t\t\t\t<div class=\"elementor-swiper-button elementor-swiper-button-prev\" role=\"button\" tabindex=\"0\">\n\t\t\t\t\t\t<svg aria-hidden=\"true\" class=\"e-font-icon-svg e-eicon-chevron-left\" viewBox=\"0 0 1000 1000\" xmlns=\"http:\/\/www.w3.org\/2000\/svg\"><path d=\"M646 125C629 125 613 133 604 142L308 442C296 454 292 471 292 487 292 504 296 521 308 533L604 854C617 867 629 875 646 875 663 875 679 871 692 858 704 846 713 829 713 812 713 796 708 779 692 767L438 487 692 225C700 217 708 204 708 187 708 171 704 154 692 142 675 129 663 125 646 125Z\"><\/path><\/svg>\t\t\t\t\t<\/div>\n\t\t\t\t\t<div class=\"elementor-swiper-button elementor-swiper-button-next\" role=\"button\" tabindex=\"0\">\n\t\t\t\t\t\t<svg aria-hidden=\"true\" class=\"e-font-icon-svg e-eicon-chevron-right\" viewBox=\"0 0 1000 1000\" xmlns=\"http:\/\/www.w3.org\/2000\/svg\"><path d=\"M696 533C708 521 713 504 713 487 713 471 708 454 696 446L400 146C388 133 375 125 354 125 338 125 325 129 313 142 300 154 292 171 292 187 292 204 296 221 308 233L563 492 304 771C292 783 288 800 288 817 288 833 296 850 308 863 321 871 338 875 354 875 371 875 388 867 400 854L696 533Z\"><\/path><\/svg>\t\t\t\t\t<\/div>\n\t\t\t\t\n\t\t\t\t\t\t\t\t\t<div class=\"swiper-pagination\"><\/div>\n\t\t\t\t\t\t\t\t\t<\/div>\n\t\t\t\t<\/div>\n\t\t\t\t<\/div>\n\t\t\t\t<div class=\"elementor-element elementor-element-2b079f8 elementor-widget elementor-widget-text-editor\" data-id=\"2b079f8\" data-element_type=\"widget\" data-widget_type=\"text-editor.default\">\n\t\t\t\t<div class=\"elementor-widget-container\">\n\t\t\t<style>\/*! elementor - v3.22.0 - 26-06-2024 *\/\n.elementor-widget-text-editor.elementor-drop-cap-view-stacked .elementor-drop-cap{background-color:#69727d;color:#fff}.elementor-widget-text-editor.elementor-drop-cap-view-framed .elementor-drop-cap{color:#69727d;border:3px solid;background-color:transparent}.elementor-widget-text-editor:not(.elementor-drop-cap-view-default) .elementor-drop-cap{margin-top:8px}.elementor-widget-text-editor:not(.elementor-drop-cap-view-default) .elementor-drop-cap-letter{width:1em;height:1em}.elementor-widget-text-editor .elementor-drop-cap{float:left;text-align:center;line-height:1;font-size:50px}.elementor-widget-text-editor .elementor-drop-cap-letter{display:inline-block}<\/style>\t\t\t\t<p data-sourcepos=\"1:1-1:191\"><strong>Somos un equipo de apasionados productores de video y fotograf\u00eda con +45 a\u00f1os de experiencia generando contenidos audiovisuales de calidad para clientes de todos los tama\u00f1os e industrias.<\/strong><\/p><p data-sourcepos=\"1:1-1:191\"><strong>Nuestra pasi\u00f3n por el audiovisual nos impulsa a crear contenidos que cautiven a la audiencia, transmitan mensajes de forma efectiva y generen resultados positivos para nuestros clientes.<\/strong><\/p><p data-sourcepos=\"5:1-5:142\"><strong>Contamos con un equipo de profesionales altamente cualificados, con una amplia experiencia en el sector y un compromiso con la excelencia<\/strong><\/p>\t\t\t\t\t\t<\/div>\n\t\t\t\t<\/div>\n\t\t\t\t\t<\/div>\n\t\t\t\t<\/div>\n\t\t\t\t<section class=\"elementor-section elementor-top-section elementor-element elementor-element-4f1bddfe elementor-section-full_width elementor-section-height-default elementor-section-height-default\" data-id=\"4f1bddfe\" data-element_type=\"section\" id=\"xs_team_9\">\n\t\t\t\t\t\t<div class=\"elementor-container elementor-column-gap-default\">\n\t\t\t\t\t<div class=\"elementor-column elementor-col-100 elementor-top-column elementor-element elementor-element-356bad6\" data-id=\"356bad6\" data-element_type=\"column\">\n\t\t\t<div class=\"elementor-widget-wrap elementor-element-populated\">\n\t\t\t\t\t\t<section class=\"elementor-section elementor-inner-section elementor-element elementor-element-6eff4c15 elementor-section-boxed elementor-section-height-default elementor-section-height-default\" data-id=\"6eff4c15\" data-element_type=\"section\">\n\t\t\t\t\t\t<div class=\"elementor-container elementor-column-gap-default\">\n\t\t\t\t\t<div class=\"elementor-column elementor-col-25 elementor-inner-column elementor-element elementor-element-5e9c5724\" data-id=\"5e9c5724\" data-element_type=\"column\">\n\t\t\t<div class=\"elementor-widget-wrap elementor-element-populated\">\n\t\t\t\t\t\t<div class=\"elementor-element elementor-element-1034c12 elementor-widget elementor-widget-elementskit-team\" data-id=\"1034c12\" data-element_type=\"widget\" data-widget_type=\"elementskit-team.default\">\n\t\t\t\t<div class=\"elementor-widget-container\">\n\t\t\t<div class=\"ekit-wid-con\">\t\t\t\t\t\t <div class=\"profile-square-v square-v6 no_gutters\"> \t\t\n\t\t<div class=\"profile-card elementor-animation- text-center ekit-team-style-long_height_details\">\n\t\t\t\t\t\t\n\t\t\t\t<div class=\"profile-header ekit-team-img \" >\n\t\t\t\t\t<img fetchpriority=\"high\" decoding=\"async\" width=\"1024\" height=\"1009\" src=\"https:\/\/socialdigitalinsight.com\/wp-content\/uploads\/2024\/06\/HectorBarranco-1024x1009.png\" class=\"attachment-large size-large wp-image-442\" alt=\"\" srcset=\"https:\/\/socialdigitalinsight.com\/wp-content\/uploads\/2024\/06\/HectorBarranco-1024x1009.png 1024w, https:\/\/socialdigitalinsight.com\/wp-content\/uploads\/2024\/06\/HectorBarranco-300x295.png 300w, https:\/\/socialdigitalinsight.com\/wp-content\/uploads\/2024\/06\/HectorBarranco-768x756.png 768w, https:\/\/socialdigitalinsight.com\/wp-content\/uploads\/2024\/06\/HectorBarranco-1536x1513.png 1536w, https:\/\/socialdigitalinsight.com\/wp-content\/uploads\/2024\/06\/HectorBarranco.png 1596w\" sizes=\"(max-width: 1024px) 100vw, 1024px\" \/>\t\t\t\t<\/div><!-- .profile-header END -->\n\t\t\t\t\t\t\n\n\t\t\t\t<div class=\"profile-body\">\n\t\t\t\t\t\n\t\t\t\t\t<h2 class=\"profile-title\">\n\t\t\t\t\t\t\t\t\t\t\tH\u00e9ctor Barranco Bastida\t\t\t\t\t\t\t\t\t\t<\/h2>\n\t\t\t\t\t<p class=\"profile-designation\">Director General<\/p>\n\t\t\t\t\t\t\t\t\t<\/div><!-- .profile-body END -->\n\n\t\t\t\t\t\t\t\t<\/div>\n\t\t\t\t <\/div> \t\t\t\n\t\t\t\n\t\t\t\t<\/div>\t\t<\/div>\n\t\t\t\t<\/div>\n\t\t\t\t\t<\/div>\n\t\t<\/div>\n\t\t\t\t<div class=\"elementor-column elementor-col-25 elementor-inner-column elementor-element elementor-element-396eeda9\" data-id=\"396eeda9\" data-element_type=\"column\">\n\t\t\t<div class=\"elementor-widget-wrap elementor-element-populated\">\n\t\t\t\t\t\t<div class=\"elementor-element elementor-element-e8a16e2 elementor-widget elementor-widget-elementskit-team\" data-id=\"e8a16e2\" data-element_type=\"widget\" data-widget_type=\"elementskit-team.default\">\n\t\t\t\t<div class=\"elementor-widget-container\">\n\t\t\t<div class=\"ekit-wid-con\">\t\t\t\t\t\t <div class=\"profile-square-v square-v6 no_gutters\"> \t\t\n\t\t<div class=\"profile-card elementor-animation- text-center ekit-team-style-long_height_details\">\n\t\t\t\t\t\t\n\t\t\t\t<div class=\"profile-header ekit-team-img \" >\n\t\t\t\t\t<img decoding=\"async\" width=\"1014\" height=\"1024\" src=\"https:\/\/socialdigitalinsight.com\/wp-content\/uploads\/2024\/06\/AntonioHdez-1014x1024.png\" class=\"attachment-large size-large wp-image-439\" alt=\"\" srcset=\"https:\/\/socialdigitalinsight.com\/wp-content\/uploads\/2024\/06\/AntonioHdez-1014x1024.png 1014w, https:\/\/socialdigitalinsight.com\/wp-content\/uploads\/2024\/06\/AntonioHdez-297x300.png 297w, https:\/\/socialdigitalinsight.com\/wp-content\/uploads\/2024\/06\/AntonioHdez-150x150.png 150w, https:\/\/socialdigitalinsight.com\/wp-content\/uploads\/2024\/06\/AntonioHdez-768x776.png 768w, https:\/\/socialdigitalinsight.com\/wp-content\/uploads\/2024\/06\/AntonioHdez-1521x1536.png 1521w, https:\/\/socialdigitalinsight.com\/wp-content\/uploads\/2024\/06\/AntonioHdez.png 1580w\" sizes=\"(max-width: 1014px) 100vw, 1014px\" \/>\t\t\t\t<\/div><!-- .profile-header END -->\n\t\t\t\t\t\t\n\n\t\t\t\t<div class=\"profile-body\">\n\t\t\t\t\t\n\t\t\t\t\t<h2 class=\"profile-title\">\n\t\t\t\t\t\t\t\t\t\t\tAntonio Hern\u00e1ndez\t\t\t\t\t\t\t\t\t\t<\/h2>\n\t\t\t\t\t<p class=\"profile-designation\">Productor<\/p>\n\t\t\t\t\t\t\t\t\t<\/div><!-- .profile-body END -->\n\n\t\t\t\t\t\t\t\t<\/div>\n\t\t\t\t <\/div> \t\t\t\n\t\t\t\n\t\t\t\t<\/div>\t\t<\/div>\n\t\t\t\t<\/div>\n\t\t\t\t\t<\/div>\n\t\t<\/div>\n\t\t\t\t<div class=\"elementor-column elementor-col-25 elementor-inner-column elementor-element elementor-element-5bdb5290\" data-id=\"5bdb5290\" data-element_type=\"column\">\n\t\t\t<div class=\"elementor-widget-wrap elementor-element-populated\">\n\t\t\t\t\t\t<div class=\"elementor-element elementor-element-2342cc52 elementor-widget elementor-widget-elementskit-team\" data-id=\"2342cc52\" data-element_type=\"widget\" data-widget_type=\"elementskit-team.default\">\n\t\t\t\t<div class=\"elementor-widget-container\">\n\t\t\t<div class=\"ekit-wid-con\">\t\t\t\t\t\t <div class=\"profile-square-v square-v6 no_gutters\"> \t\t\n\t\t<div class=\"profile-card elementor-animation- text-center ekit-team-style-long_height_details\">\n\t\t\t\t\t\t\n\t\t\t\t<div class=\"profile-header ekit-team-img \" >\n\t\t\t\t\t<img decoding=\"async\" width=\"910\" height=\"908\" src=\"https:\/\/socialdigitalinsight.com\/wp-content\/uploads\/2024\/06\/Saul2.jpeg\" class=\"attachment-large size-large wp-image-444\" alt=\"\" srcset=\"https:\/\/socialdigitalinsight.com\/wp-content\/uploads\/2024\/06\/Saul2.jpeg 910w, https:\/\/socialdigitalinsight.com\/wp-content\/uploads\/2024\/06\/Saul2-300x300.jpeg 300w, https:\/\/socialdigitalinsight.com\/wp-content\/uploads\/2024\/06\/Saul2-150x150.jpeg 150w, https:\/\/socialdigitalinsight.com\/wp-content\/uploads\/2024\/06\/Saul2-768x766.jpeg 768w\" sizes=\"(max-width: 910px) 100vw, 910px\" \/>\t\t\t\t<\/div><!-- .profile-header END -->\n\t\t\t\t\t\t\n\n\t\t\t\t<div class=\"profile-body\">\n\t\t\t\t\t\n\t\t\t\t\t<h2 class=\"profile-title\">\n\t\t\t\t\t\t\t\t\t\t\tSa\u00fal Hern\u00e1ndez\t\t\t\t\t\t\t\t\t\t<\/h2>\n\t\t\t\t\t<p class=\"profile-designation\">Fot\u00f3grafo<\/p>\n\t\t\t\t\t\t\t\t\t<\/div><!-- .profile-body END -->\n\n\t\t\t\t\t\t\t\t<\/div>\n\t\t\t\t <\/div> \t\t\t\n\t\t\t\n\t\t\t\t<\/div>\t\t<\/div>\n\t\t\t\t<\/div>\n\t\t\t\t\t<\/div>\n\t\t<\/div>\n\t\t\t\t<div class=\"elementor-column elementor-col-25 elementor-inner-column elementor-element elementor-element-347e5a81\" data-id=\"347e5a81\" data-element_type=\"column\">\n\t\t\t<div class=\"elementor-widget-wrap elementor-element-populated\">\n\t\t\t\t\t\t<div class=\"elementor-element elementor-element-1895dfb9 elementor-widget elementor-widget-elementskit-team\" data-id=\"1895dfb9\" data-element_type=\"widget\" data-widget_type=\"elementskit-team.default\">\n\t\t\t\t<div class=\"elementor-widget-container\">\n\t\t\t<div class=\"ekit-wid-con\">\t\t\t\t\t\t <div class=\"profile-square-v square-v6 no_gutters\"> \t\t\n\t\t<div class=\"profile-card elementor-animation- text-center ekit-team-style-long_height_details\">\n\t\t\t\t\t\t\n\t\t\t\t<div class=\"profile-header ekit-team-img \" >\n\t\t\t\t\t<img loading=\"lazy\" decoding=\"async\" width=\"1024\" height=\"1021\" src=\"https:\/\/socialdigitalinsight.com\/wp-content\/uploads\/2024\/06\/GabrielaTeran-1024x1021.png\" class=\"attachment-large size-large wp-image-440\" alt=\"\" srcset=\"https:\/\/socialdigitalinsight.com\/wp-content\/uploads\/2024\/06\/GabrielaTeran-1024x1021.png 1024w, https:\/\/socialdigitalinsight.com\/wp-content\/uploads\/2024\/06\/GabrielaTeran-300x300.png 300w, https:\/\/socialdigitalinsight.com\/wp-content\/uploads\/2024\/06\/GabrielaTeran-150x150.png 150w, https:\/\/socialdigitalinsight.com\/wp-content\/uploads\/2024\/06\/GabrielaTeran-768x766.png 768w, https:\/\/socialdigitalinsight.com\/wp-content\/uploads\/2024\/06\/GabrielaTeran-1536x1532.png 1536w, https:\/\/socialdigitalinsight.com\/wp-content\/uploads\/2024\/06\/GabrielaTeran.png 1594w\" sizes=\"(max-width: 1024px) 100vw, 1024px\" \/>\t\t\t\t<\/div><!-- .profile-header END -->\n\t\t\t\t\t\t\n\n\t\t\t\t<div class=\"profile-body\">\n\t\t\t\t\t\n\t\t\t\t\t<h2 class=\"profile-title\">\n\t\t\t\t\t\t\t\t\t\t\tGabriela Ter\u00e1n\t\t\t\t\t\t\t\t\t\t<\/h2>\n\t\t\t\t\t<p class=\"profile-designation\">Locutora<\/p>\n\t\t\t\t\t\t\t\t\t<\/div><!-- .profile-body END -->\n\n\t\t\t\t\t\t\t\t<\/div>\n\t\t\t\t <\/div> \t\t\t\n\t\t\t\n\t\t\t\t<\/div>\t\t<\/div>\n\t\t\t\t<\/div>\n\t\t\t\t\t<\/div>\n\t\t<\/div>\n\t\t\t\t\t<\/div>\n\t\t<\/section>\n\t\t\t\t\t<\/div>\n\t\t<\/div>\n\t\t\t\t\t<\/div>\n\t\t<\/section>\n\t\t\t\t<\/div>\n\t\t","protected":false},"excerpt":{"rendered":"<p>\u00bfQui\u00e9nes somos? Somos un equipo de apasionados productores de video y fotograf\u00eda con +45 a\u00f1os de experiencia generando contenidos audiovisuales [&hellip;]<\/p>\n","protected":false},"author":1,"featured_media":0,"parent":0,"menu_order":0,"comment_status":"closed","ping_status":"closed","template":"","meta":{"site-sidebar-layout":"no-sidebar","site-content-layout":"","ast-site-content-layout":"full-width-container","site-content-style":"default","site-sidebar-style":"default","ast-global-header-display":"","ast-banner-title-visibility":"","ast-main-header-display":"","ast-hfb-above-header-display":"","ast-hfb-below-header-display":"","ast-hfb-mobile-header-display":"","site-post-title":"disabled","ast-breadcrumbs-content":"","ast-featured-img":"disabled","footer-sml-layout":"","theme-transparent-header-meta":"","adv-header-id-meta":"","stick-header-meta":"","header-above-stick-meta":"","header-main-stick-meta":"","header-below-stick-meta":"","astra-migrate-meta-layouts":"default","ast-page-background-enabled":"default","ast-page-background-meta":{"desktop":{"background-color":"var(--ast-global-color-4)","background-image":"","background-repeat":"repeat","background-position":"center center","background-size":"auto","background-attachment":"scroll","background-type":"","background-media":"","overlay-type":"","overlay-color":"","overlay-gradient":""},"tablet":{"background-color":"","background-image":"","background-repeat":"repeat","background-position":"center center","background-size":"auto","background-attachment":"scroll","background-type":"","background-media":"","overlay-type":"","overlay-color":"","overlay-gradient":""},"mobile":{"background-color":"","background-image":"","background-repeat":"repeat","background-position":"center center","background-size":"auto","background-attachment":"scroll","background-type":"","background-media":"","overlay-type":"","overlay-color":"","overlay-gradient":""}},"ast-content-background-meta":{"desktop":{"background-color":"var(--ast-global-color-5)","background-image":"","background-repeat":"repeat","background-position":"center center","background-size":"auto","background-attachment":"scroll","background-type":"","background-media":"","overlay-type":"","overlay-color":"","overlay-gradient":""},"tablet":{"background-color":"var(--ast-global-color-5)","background-image":"","background-repeat":"repeat","background-position":"center center","background-size":"auto","background-attachment":"scroll","background-type":"","background-media":"","overlay-type":"","overlay-color":"","overlay-gradient":""},"mobile":{"background-color":"var(--ast-global-color-5)","background-image":"","background-repeat":"repeat","background-position":"center center","background-size":"auto","background-attachment":"scroll","background-type":"","background-media":"","overlay-type":"","overlay-color":"","overlay-gradient":""}},"footnotes":""},"aioseo_notices":[],"_links":{"self":[{"href":"https:\/\/socialdigitalinsight.com\/index.php?rest_route=\/wp\/v2\/pages\/24"}],"collection":[{"href":"https:\/\/socialdigitalinsight.com\/index.php?rest_route=\/wp\/v2\/pages"}],"about":[{"href":"https:\/\/socialdigitalinsight.com\/index.php?rest_route=\/wp\/v2\/types\/page"}],"author":[{"embeddable":true,"href":"https:\/\/socialdigitalinsight.com\/index.php?rest_route=\/wp\/v2\/users\/1"}],"replies":[{"embeddable":true,"href":"https:\/\/socialdigitalinsight.com\/index.php?rest_route=%2Fwp%2Fv2%2Fcomments&post=24"}],"version-history":[{"count":16,"href":"https:\/\/socialdigitalinsight.com\/index.php?rest_route=\/wp\/v2\/pages\/24\/revisions"}],"predecessor-version":[{"id":447,"href":"https:\/\/socialdigitalinsight.com\/index.php?rest_route=\/wp\/v2\/pages\/24\/revisions\/447"}],"wp:attachment":[{"href":"https:\/\/socialdigitalinsight.com\/index.php?rest_route=%2Fwp%2Fv2%2Fmedia&parent=24"}],"curies":[{"name":"wp","href":"https:\/\/api.w.org\/{rel}","templated":true}]}}